{"id":726,"date":"2020-10-21T11:57:56","date_gmt":"2020-10-21T09:57:56","guid":{"rendered":"http:\/\/ecole-ndclarte.fr\/?page_id=726"},"modified":"2020-10-21T11:57:57","modified_gmt":"2020-10-21T09:57:57","slug":"mentions-legales","status":"publish","type":"page","link":"http:\/\/ecole-ndclarte.fr\/index.php\/mentions-legales\/","title":{"rendered":"Mentions l\u00e9gales"},"content":{"rendered":"<p>[et_pb_section fb_built=\u00a0\u00bb1&Prime; fullwidth=\u00a0\u00bbon\u00a0\u00bb admin_label=\u00a0\u00bbHero\u00a0\u00bb _builder_version=\u00a0\u00bb4.3.1&Prime; use_background_color_gradient=\u00a0\u00bbon\u00a0\u00bb background_color_gradient_start=\u00a0\u00bb#eeeff2&Prime; background_color_gradient_end=\u00a0\u00bbrgba(238,239,242,0)\u00a0\u00bb background_color_gradient_direction=\u00a0\u00bb90deg\u00a0\u00bb background_color_gradient_start_position=\u00a0\u00bb33%\u00a0\u00bb background_color_gradient_end_position=\u00a0\u00bb52%\u00a0\u00bb background_color_gradient_overlays_image=\u00a0\u00bbon\u00a0\u00bb background_image=\u00a0\u00bbhttp:\/\/ecole-ndclarte.fr\/wp-content\/uploads\/2020\/02\/pencils-1.png\u00a0\u00bb][et_pb_fullwidth_header subhead=\u00a0\u00bbMentions l\u00e9gales\u00a0\u00bb header_image_url=\u00a0\u00bbhttp:\/\/ecole-ndclarte.fr\/wp-content\/uploads\/2020\/02\/Logo-d\u00e9finitif-Clart\u00e9-Copie.jpg\u00a0\u00bb content_max_width=\u00a0\u00bb600px\u00a0\u00bb _builder_version=\u00a0\u00bb4.3.1&Prime; title_level=\u00a0\u00bbh3&Prime; title_font=\u00a0\u00bbSintony|700||on|||||\u00a0\u00bb title_text_color=\u00a0\u00bb#ff7355&Prime; title_font_size=\u00a0\u00bb16px\u00a0\u00bb title_letter_spacing=\u00a0\u00bb5px\u00a0\u00bb title_line_height=\u00a0\u00bb0.5em\u00a0\u00bb content_font=\u00a0\u00bbRubik||||||||\u00a0\u00bb content_font_size=\u00a0\u00bb18px\u00a0\u00bb subhead_font=\u00a0\u00bbSintony|700|||||||\u00a0\u00bb subhead_text_color=\u00a0\u00bb#8300e9&Prime; subhead_font_size=\u00a0\u00bb50px\u00a0\u00bb subhead_line_height=\u00a0\u00bb1.5em\u00a0\u00bb background_color=\u00a0\u00bbrgba(255,255,255,0)\u00a0\u00bb use_background_color_gradient=\u00a0\u00bbon\u00a0\u00bb background_color_gradient_start=\u00a0\u00bbrgba(255,255,255,0)\u00a0\u00bb background_color_gradient_end=\u00a0\u00bbrgba(255,255,255,0.7)\u00a0\u00bb background_color_gradient_start_position=\u00a0\u00bb50%\u00a0\u00bb background_size=\u00a0\u00bbcontain\u00a0\u00bb background_position=\u00a0\u00bbbottom_center\u00a0\u00bb custom_button_one=\u00a0\u00bbon\u00a0\u00bb button_one_text_size=\u00a0\u00bb16px\u00a0\u00bb button_one_text_color=\u00a0\u00bb#ffffff\u00a0\u00bb button_one_bg_color=\u00a0\u00bb#ff7355&Prime; button_one_border_width=\u00a0\u00bb15px\u00a0\u00bb button_one_border_color=\u00a0\u00bbrgba(210,159,104,0)\u00a0\u00bb button_one_border_radius=\u00a0\u00bb100px\u00a0\u00bb button_one_letter_spacing=\u00a0\u00bb0px\u00a0\u00bb button_one_font=\u00a0\u00bbRubik|700|||||||\u00a0\u00bb button_one_use_icon=\u00a0\u00bboff\u00a0\u00bb custom_button_two=\u00a0\u00bbon\u00a0\u00bb button_two_text_size=\u00a0\u00bb16px\u00a0\u00bb button_two_text_color=\u00a0\u00bb#ffffff\u00a0\u00bb button_two_bg_color=\u00a0\u00bbrgba(0,0,0,0.6)\u00a0\u00bb button_two_border_width=\u00a0\u00bb15px\u00a0\u00bb button_two_border_color=\u00a0\u00bbrgba(210,159,104,0)\u00a0\u00bb button_two_border_radius=\u00a0\u00bb100px\u00a0\u00bb button_two_letter_spacing=\u00a0\u00bb0px\u00a0\u00bb button_two_font=\u00a0\u00bbRubik|700|||||||\u00a0\u00bb button_two_use_icon=\u00a0\u00bboff\u00a0\u00bb background_layout=\u00a0\u00bblight\u00a0\u00bb max_width_last_edited=\u00a0\u00bboff|desktop\u00a0\u00bb module_alignment=\u00a0\u00bbcenter\u00a0\u00bb custom_margin=\u00a0\u00bb|||\u00a0\u00bb custom_padding=\u00a0\u00bb8vw||4vw|\u00a0\u00bb subhead_font_size_tablet=\u00a0\u00bb\u00a0\u00bb subhead_font_size_phone=\u00a0\u00bb30px\u00a0\u00bb subhead_font_size_last_edited=\u00a0\u00bbon|phone\u00a0\u00bb button_one_border_radius_hover=\u00a0\u00bb100px\u00a0\u00bb button_two_border_radius_hover=\u00a0\u00bb100px\u00a0\u00bb button_one_bg_color_hover=\u00a0\u00bb#ff8a70&Prime; button_two_bg_color_hover=\u00a0\u00bb#ff8a70&Prime; button_one_text_size__hover_enabled=\u00a0\u00bboff\u00a0\u00bb button_two_text_size__hover_enabled=\u00a0\u00bboff\u00a0\u00bb button_one_text_color__hover_enabled=\u00a0\u00bboff\u00a0\u00bb button_two_text_color__hover_enabled=\u00a0\u00bboff\u00a0\u00bb button_one_border_width__hover_enabled=\u00a0\u00bboff\u00a0\u00bb button_two_border_width__hover_enabled=\u00a0\u00bboff\u00a0\u00bb button_one_border_color__hover_enabled=\u00a0\u00bboff\u00a0\u00bb button_two_border_color__hover_enabled=\u00a0\u00bboff\u00a0\u00bb button_one_border_radius__hover_enabled=\u00a0\u00bbon\u00a0\u00bb button_one_border_radius__hover=\u00a0\u00bb100px\u00a0\u00bb button_two_border_radius__hover_enabled=\u00a0\u00bbon\u00a0\u00bb button_two_border_radius__hover=\u00a0\u00bb100px\u00a0\u00bb button_one_letter_spacing__hover_enabled=\u00a0\u00bboff\u00a0\u00bb button_two_letter_spacing__hover_enabled=\u00a0\u00bboff\u00a0\u00bb button_one_bg_color__hover_enabled=\u00a0\u00bbon\u00a0\u00bb button_one_bg_color__hover=\u00a0\u00bb#ff8a70&Prime; button_two_bg_color__hover_enabled=\u00a0\u00bbon\u00a0\u00bb button_two_bg_color__hover=\u00a0\u00bb#ff8a70&Prime;][\/et_pb_fullwidth_header][\/et_pb_section][et_pb_section fb_built=\u00a0\u00bb1&Prime; _builder_version=\u00a0\u00bb4.3.1&Prime; background_color=\u00a0\u00bb#ffffff\u00a0\u00bb background_size=\u00a0\u00bbcontain\u00a0\u00bb background_position=\u00a0\u00bbtop_center\u00a0\u00bb custom_padding=\u00a0\u00bb|||\u00a0\u00bb][et_pb_row _builder_version=\u00a0\u00bb4.6.6&Prime; _module_preset=\u00a0\u00bbdefault\u00a0\u00bb][et_pb_column _builder_version=\u00a0\u00bb4.6.6&Prime; _module_preset=\u00a0\u00bbdefault\u00a0\u00bb type=\u00a0\u00bb4_4&Prime;][et_pb_text _builder_version=\u00a0\u00bb4.6.6&Prime; _module_preset=\u00a0\u00bbdefault\u00a0\u00bb hover_enabled=\u00a0\u00bb0&Prime; sticky_enabled=\u00a0\u00bb0&Prime;]<\/p>\n<h1 class=\"entry-title main_title\">Politique de confidentialit\u00e9<\/h1>\n<div class=\"entry-content\">\n<p><strong><span style=\"font-size: 18pt;\">Qui sommes-nous ?<\/span><br \/> <\/strong><\/p>\n<p><span style=\"font-size: 12pt;\">Le site de l\u2019\u00e9cole Notre-Dame de la Clart\u00e9 de Combrit (http:\/\/ecole-ndclarte.fr\/) est aliment\u00e9 par le personnel de l\u2019\u00e9cole, des \u00e9l\u00e8ves ou des membres des associations. L\u2019adresse de l\u2019\u00e9tablissement est <span class=\"LrzXr\">5 Rue ar Vigouden, 29120 Combrit<\/span><br \/><\/span><\/p>\n<p><span style=\"font-size: 12pt;\">L\u2019ensemble des \u00e9l\u00e9ments figurant sur le site internet http:\/\/ecole-ndclarte.fr\/\u00a0<a href=\"http:\/\/ecolesaintebernadettequimper.fr\/\"> <\/a>(textes, dessins, programmes, photographies, noms, logos, enregistrements sonores, vid\u00e9os, etc\u2026) est prot\u00e9g\u00e9 par les dispositions du Code de la Propri\u00e9t\u00e9 intellectuelle fran\u00e7ais. Hors de France, ces \u00e9l\u00e9ments b\u00e9n\u00e9ficient de la protection du droit d\u2019auteur dans les \u00c9tats signataires de la Convention de Berne. Toute reproduction, repr\u00e9sentation, modification, adaptation, distribution, traduction de l\u2019un de ces \u00e9l\u00e9ments, de fa\u00e7on int\u00e9grale ou partielle, sur quelque support que ce soit est interdite sans autorisation expresse et pr\u00e9alable de la Direction de l\u2019\u00e9tablissement. Toute utilisation non express\u00e9ment autoris\u00e9e constitue une violation des droits d\u2019auteur et une contrefa\u00e7on en application des articles L 335-2 et suivants du Code de la Propri\u00e9t\u00e9 intellectuelle. Elle peut \u00e9galement constituer un acte de concurrence d\u00e9loyale selon l\u2019article 1382 du Code Civil et une violation du droit \u00e0 l\u2019image et des droits de la personnalit\u00e9 selon l\u2019article 9 du m\u00eame code.<\/span><\/p>\n<p><span style=\"font-size: 18pt;\"><strong>Donn\u00e9es personnelles<\/strong><\/span><\/p>\n<p><span style=\"font-size: 12pt;\">En conformit\u00e9 avec la loi \u00ab Informatique et Libert\u00e9s \u00bb n\u00b0 78-17 du 6 janvier 1978, modifi\u00e9e par la loi n\u00b0 2004-801 du 6 ao\u00fbt 2004, les traitements automatis\u00e9s de donn\u00e9es personnelles r\u00e9alis\u00e9s \u00e0 partir de ce site, sont h\u00e9berg\u00e9s sur les serveurs d\u2019OVH.<\/span><\/p>\n<p><span style=\"font-size: 12pt;\">A ce titre, et conform\u00e9ment \u00e0 l\u2019article 32 de la loi sus-cit\u00e9e, les informations personnelles (pr\u00e9nom, nom, e-mail) recueillies via les formulaires de contact font l\u2019objet d\u2019un traitement informatique afin de r\u00e9pondre aux utilisateurs, et ce de la mani\u00e8re la plus appropri\u00e9e, et ne seront jamais utilis\u00e9es \u00e0 des fins non pr\u00e9vues ni transmises \u00e0 des partenaires. Aucune information personnelle autre que celles demand\u00e9es dans ce cadre n\u2019est collect\u00e9e \u00e0 votre insu.<\/span><\/p>\n<p><span style=\"font-size: 12pt;\">En outre, les donn\u00e9es collect\u00e9es via les traitements de donn\u00e9es \u00e0 caract\u00e8re personnel du pr\u00e9sent site ne feront l\u2019objet d\u2019aucun transfert en dehors du territoire de l\u2019Union Europ\u00e9enne.<\/span><\/p>\n<p><span style=\"font-size: 12pt;\">Par ailleurs, conform\u00e9ment aux articles 39 et 40 de cette m\u00eame loi, l\u2019utilisateur de ce site ou le Client b\u00e9n\u00e9ficie des droits d\u2019interrogation, d\u2019acc\u00e8s, de rectification et d\u2019opposition portant sur les donn\u00e9es le concernant en envoyant un e-mail <a href=\"mailto:eco22.st-leonard.guingamp@e-c.bzh\">eco29.nd-clarte.combrit@enseignement-catholique.bzh<\/a> ou bien un courrier postal adress\u00e9 \u00e0 : Ecole Notre-Dame de la Clart\u00e9, <span class=\"LrzXr\">5 Rue ar Vigouden, 29120 Combrit<\/span><br \/> <\/span><\/p>\n<p><span style=\"font-size: 18pt;\"><strong>Dur\u00e9e de vie des donn\u00e9es personnelles<\/strong><\/span><\/p>\n<p><span style=\"font-size: 14pt;\"><strong>Donn\u00e9es de gestion du site internet<\/strong><\/span><\/p>\n<p><span style=\"font-size: 12pt;\"><strong>Donn\u00e9es de visites sur notre site<\/strong> : Dans un but statistique, nous conservons les traces de lecture (date, dur\u00e9e, url, scroll, temps de chargement, IP, cookie) de nos pages web pendant 365 jours au maximum avant suppression. Les adresses IP ne sont pas collect\u00e9es.<\/span><\/p>\n<h3><span style=\"font-size: 14pt;\"><strong>Cookies<\/strong><\/span><\/h3>\n<p><span style=\"font-size: 12pt;\">Si vous d\u00e9posez un commentaire sur notre site, il vous sera propos\u00e9 d\u2019enregistrer votre nom, adresse de messagerie et site web dans des cookies. C\u2019est uniquement pour votre confort afin de ne pas avoir \u00e0 saisir ces informations si vous d\u00e9posez un autre commentaire plus tard. Ces cookies expirent au bout d\u2019un an.<\/span><\/p>\n<p><span style=\"font-size: 12pt;\">Si vous avez un compte et que vous vous connectez sur ce site, un cookie temporaire sera cr\u00e9\u00e9 afin de d\u00e9terminer si votre navigateur accepte les cookies. Il ne contient pas de donn\u00e9es personnelles et sera supprim\u00e9 automatiquement \u00e0 la fermeture de votre navigateur.<\/span><\/p>\n<p><span style=\"font-size: 12pt;\">Lorsque vous vous connecterez, nous mettrons en place un certain nombre de cookies pour enregistrer vos informations de connexion et vos pr\u00e9f\u00e9rences d\u2019\u00e9cran. La dur\u00e9e de vie d\u2019un cookie de connexion est de deux jours, celle d\u2019un cookie d\u2019option d\u2019\u00e9cran est d\u2019un an. Si vous cochez \u00ab\u00a0Se souvenir de moi\u00a0\u00bb, votre cookie de connexion sera conserv\u00e9 pendant deux semaines. Si vous vous d\u00e9connectez de votre compte, le cookie de connexion sera effac\u00e9.<\/span><\/p>\n<p><span style=\"font-size: 12pt;\">En modifiant ou en publiant une publication, un cookie suppl\u00e9mentaire sera enregistr\u00e9 dans votre navigateur. Ce cookie ne comprend aucune donn\u00e9e personnelle. Il indique simplement l\u2019ID de la publication que vous venez de modifier. Il expire au bout d\u2019un jour.<\/span><\/p>\n<h3><span style=\"font-size: 18pt;\"><strong>Contenu embarqu\u00e9 depuis d\u2019autres sites<\/strong><\/span><\/h3>\n<p><span style=\"font-size: 12pt;\">Les articles de ce site peuvent inclure des contenus int\u00e9gr\u00e9s (par exemple des vid\u00e9os, images, articles\u2026). Le contenu int\u00e9gr\u00e9 depuis d\u2019autres sites se comporte de la m\u00eame mani\u00e8re que si le visiteur se rendait sur cet autre site.<\/span><\/p>\n<p><span style=\"font-size: 12pt;\">Ces sites web pourraient collecter des donn\u00e9es sur vous, utiliser des cookies, embarquer des outils de suivis tiers, suivre vos interactions avec ces contenus embarqu\u00e9s si vous disposez d\u2019un compte connect\u00e9 sur leur site web.<\/span><\/p>\n<p><span style=\"font-size: 18pt;\"><strong>Les comptes<\/strong><\/span><\/p>\n<p><span style=\"font-size: 12pt;\"><span style=\"font-size: 14pt;\"><strong>Comptes des r\u00e9dacteurs du site<\/strong> :<\/span> La suppression des acc\u00e8s n\u2019est pas automatique. M\u00eame si le compte n\u2019est plus utilis\u00e9. Les comptes \u00e9tant cr\u00e9\u00e9s en ad\u00e9quation avec les \u00e9quipes n\u00e9cessitant un acc\u00e8s, ils sont sous la responsabilit\u00e9 des gestionnaires du site. Vous pouvez faire appel \u00e0 eux pour modifier ou supprimer vos acc\u00e8s.<\/span><\/p>\n<p><span style=\"font-size: 12pt;\"><span style=\"font-size: 14pt;\"><strong>H\u00e9bergement du site<\/strong> :<\/span> Notre site sur lequel vos donn\u00e9es personnelles sont stock\u00e9es, est lou\u00e9e \u00e0 OVH.com, \u00e0 Roubaix en France. Ce site est h\u00e9berg\u00e9 sur des serveurs fran\u00e7ais lou\u00e9s \u00e0 Ovh.com. Cette entreprise est propri\u00e9taire de ces serveurs et est garante du contr\u00f4le de leurs acc\u00e8s physique, comme leur mise en s\u00e9curit\u00e9 \u00e9lectrique, incendie et le vol par exemple.<\/span><\/p>\n<p><span style=\"font-size: 18pt;\"><strong>Informatique et libert\u00e9s<\/strong><\/span><\/p>\n<p><span style=\"font-size: 12pt;\">Conform\u00e9ment \u00e0 la loi \u201cInformatique et libert\u00e9s\u201d du 6 janvier 1978 modifi\u00e9e par la loi du 6 ao\u00fbt 2004, et au R\u00e8glement g\u00e9n\u00e9ral sur la protection des donn\u00e9es (RGPD), vous disposez d\u2019un droit d\u2019acc\u00e8s, de rectification et d\u2019opposition aux informations qui vous concernent. Si vous souhaitez exercer ce droit et obtenir communication des informations vous concernant, veuillez-vous adresser \u00e0 la direction de l\u2019\u00e9cole Saint-L\u00e9onard par courrier postal\u00a0: : Ecole Notre-Dame-de-la-Clart\u00e9, <span class=\"LrzXr\">5 Rue ar Vigouden, 29120 Combrit<\/span> ou par courriel : <a href=\"mailto:eco22.st-leonard.guingamp@e-c.bzh\">eco29.nd-clarte.combrit@enseignement-catholique.bzh<\/a><\/span><\/p>\n<p>&nbsp;<\/p>\n<\/div>\n<p>[\/et_pb_text][\/et_pb_column][\/et_pb_row][\/et_pb_section][et_pb_section fb_built=\u00a0\u00bb1&Prime; _builder_version=\u00a0\u00bb3.22.6&Prime; background_color=\u00a0\u00bb#0c71c3&Prime; custom_padding=\u00a0\u00bb13px||0px|||\u00a0\u00bb][et_pb_row _builder_version=\u00a0\u00bb3.25&Prime; min_height=\u00a0\u00bb146px\u00a0\u00bb custom_padding=\u00a0\u00bb0px|||||\u00a0\u00bb][et_pb_column type=\u00a0\u00bb4_4&Prime; _builder_version=\u00a0\u00bb3.25&Prime; custom_padding=\u00a0\u00bb|||\u00a0\u00bb custom_padding__hover=\u00a0\u00bb|||\u00a0\u00bb][et_pb_image src=\u00a0\u00bbhttp:\/\/ecole-ndclarte.fr\/wp-content\/uploads\/2020\/02\/EC29-LOGO-COULEURS-INVERSE.jpg\u00a0\u00bb url=\u00a0\u00bbhttp:\/\/www.ddec29.org\/\u00a0\u00bb align_tablet=\u00a0\u00bbcenter\u00a0\u00bb align_phone=\u00a0\u00bb\u00a0\u00bb align_last_edited=\u00a0\u00bbon|desktop\u00a0\u00bb _builder_version=\u00a0\u00bb3.23&Prime; width=\u00a0\u00bb36.7%\u00a0\u00bb][\/et_pb_image][\/et_pb_column][\/et_pb_row][\/et_pb_section]<\/p>\n","protected":false},"excerpt":{"rendered":"<p>[et_pb_section fb_built=\u00a0\u00bb1&Prime; fullwidth=\u00a0\u00bbon\u00a0\u00bb admin_label=\u00a0\u00bbHero\u00a0\u00bb _builder_version=\u00a0\u00bb4.3.1&Prime; use_background_color_gradient=\u00a0\u00bbon\u00a0\u00bb background_color_gradient_start=\u00a0\u00bb#eeeff2&Prime; background_color_gradient_end=\u00a0\u00bbrgba(238,239,242,0)\u00a0\u00bb background_color_gradient_direction=\u00a0\u00bb90deg\u00a0\u00bb background_color_gradient_start_position=\u00a0\u00bb33%\u00a0\u00bb background_color_gradient_end_position=\u00a0\u00bb52%\u00a0\u00bb background_color_gradient_overlays_image=\u00a0\u00bbon\u00a0\u00bb background_image=\u00a0\u00bbhttp:\/\/ecole-ndclarte.fr\/wp-content\/uploads\/2020\/02\/pencils-1.png\u00a0\u00bb][et_pb_fullwidth_header subhead=\u00a0\u00bbMentions l\u00e9gales\u00a0\u00bb header_image_url=\u00a0\u00bbhttp:\/\/ecole-ndclarte.fr\/wp-content\/uploads\/2020\/02\/Logo-d\u00e9finitif-Clart\u00e9-Copie.jpg\u00a0\u00bb content_max_width=\u00a0\u00bb600px\u00a0\u00bb _builder_version=\u00a0\u00bb4.3.1&Prime; title_level=\u00a0\u00bbh3&Prime; title_font=\u00a0\u00bbSintony|700||on|||||\u00a0\u00bb title_text_color=\u00a0\u00bb#ff7355&Prime; title_font_size=\u00a0\u00bb16px\u00a0\u00bb title_letter_spacing=\u00a0\u00bb5px\u00a0\u00bb title_line_height=\u00a0\u00bb0.5em\u00a0\u00bb content_font=\u00a0\u00bbRubik||||||||\u00a0\u00bb content_font_size=\u00a0\u00bb18px\u00a0\u00bb subhead_font=\u00a0\u00bbSintony|700|||||||\u00a0\u00bb subhead_text_color=\u00a0\u00bb#8300e9&Prime; subhead_font_size=\u00a0\u00bb50px\u00a0\u00bb subhead_line_height=\u00a0\u00bb1.5em\u00a0\u00bb background_color=\u00a0\u00bbrgba(255,255,255,0)\u00a0\u00bb use_background_color_gradient=\u00a0\u00bbon\u00a0\u00bb background_color_gradient_start=\u00a0\u00bbrgba(255,255,255,0)\u00a0\u00bb background_color_gradient_end=\u00a0\u00bbrgba(255,255,255,0.7)\u00a0\u00bb background_color_gradient_start_position=\u00a0\u00bb50%\u00a0\u00bb background_size=\u00a0\u00bbcontain\u00a0\u00bb background_position=\u00a0\u00bbbottom_center\u00a0\u00bb custom_button_one=\u00a0\u00bbon\u00a0\u00bb button_one_text_size=\u00a0\u00bb16px\u00a0\u00bb button_one_text_color=\u00a0\u00bb#ffffff\u00a0\u00bb button_one_bg_color=\u00a0\u00bb#ff7355&Prime; button_one_border_width=\u00a0\u00bb15px\u00a0\u00bb button_one_border_color=\u00a0\u00bbrgba(210,159,104,0)\u00a0\u00bb button_one_border_radius=\u00a0\u00bb100px\u00a0\u00bb button_one_letter_spacing=\u00a0\u00bb0px\u00a0\u00bb button_one_font=\u00a0\u00bbRubik|700|||||||\u00a0\u00bb button_one_use_icon=\u00a0\u00bboff\u00a0\u00bb custom_button_two=\u00a0\u00bbon\u00a0\u00bb button_two_text_size=\u00a0\u00bb16px\u00a0\u00bb button_two_text_color=\u00a0\u00bb#ffffff\u00a0\u00bb button_two_bg_color=\u00a0\u00bbrgba(0,0,0,0.6)\u00a0\u00bb button_two_border_width=\u00a0\u00bb15px\u00a0\u00bb button_two_border_color=\u00a0\u00bbrgba(210,159,104,0)\u00a0\u00bb button_two_border_radius=\u00a0\u00bb100px\u00a0\u00bb button_two_letter_spacing=\u00a0\u00bb0px\u00a0\u00bb [&hellip;]<\/p>\n","protected":false},"author":2,"featured_media":0,"parent":0,"menu_order":0,"comment_status":"closed","ping_status":"closed","template":"","meta":{"_et_pb_use_builder":"on","_et_pb_old_content":"","_et_gb_content_width":""},"_links":{"self":[{"href":"http:\/\/ecole-ndclarte.fr\/index.php\/wp-json\/wp\/v2\/pages\/726"}],"collection":[{"href":"http:\/\/ecole-ndclarte.fr\/index.php\/wp-json\/wp\/v2\/pages"}],"about":[{"href":"http:\/\/ecole-ndclarte.fr\/index.php\/wp-json\/wp\/v2\/types\/page"}],"author":[{"embeddable":true,"href":"http:\/\/ecole-ndclarte.fr\/index.php\/wp-json\/wp\/v2\/users\/2"}],"replies":[{"embeddable":true,"href":"http:\/\/ecole-ndclarte.fr\/index.php\/wp-json\/wp\/v2\/comments?post=726"}],"version-history":[{"count":2,"href":"http:\/\/ecole-ndclarte.fr\/index.php\/wp-json\/wp\/v2\/pages\/726\/revisions"}],"predecessor-version":[{"id":729,"href":"http:\/\/ecole-ndclarte.fr\/index.php\/wp-json\/wp\/v2\/pages\/726\/revisions\/729"}],"wp:attachment":[{"href":"http:\/\/ecole-ndclarte.fr\/index.php\/wp-json\/wp\/v2\/media?parent=726"}],"curies":[{"name":"wp","href":"https:\/\/api.w.org\/{rel}","templated":true}]}}